{"id":18,"date":"2025-10-15T10:15:42","date_gmt":"2025-10-15T10:15:42","guid":{"rendered":"https:\/\/picosolutions.pt\/?page_id=18"},"modified":"2026-03-29T13:01:44","modified_gmt":"2026-03-29T13:01:44","slug":"servicos","status":"publish","type":"page","link":"https:\/\/picosolutions.pt\/en\/servicos\/","title":{"rendered":"Services"},"content":{"rendered":"\t\t<div data-elementor-type=\"wp-page\" data-elementor-id=\"18\" class=\"elementor elementor-18\" data-elementor-post-type=\"page\">\n\t\t\t\t<div class=\"elementor-element elementor-element-31d0c43 e-con-full e-flex e-con e-parent\" data-id=\"31d0c43\" data-element_type=\"container\" data-e-type=\"container\">\n\t\t\t\t<div class=\"elementor-element elementor-element-718573c elementor-widget__width-inherit elementor-arrows-position-inside elementor-widget elementor-widget-n-carousel\" data-id=\"718573c\" data-element_type=\"widget\" data-e-type=\"widget\" data-settings=\"{&quot;carousel_items&quot;:[{&quot;slide_title&quot;:&quot;Slide #1&quot;,&quot;_id&quot;:&quot;88ebed4&quot;}],&quot;slides_to_show&quot;:&quot;1&quot;,&quot;slides_to_scroll&quot;:&quot;1&quot;,&quot;slides_to_show_tablet&quot;:&quot;2&quot;,&quot;slides_to_show_mobile&quot;:&quot;1&quot;,&quot;autoplay&quot;:&quot;yes&quot;,&quot;autoplay_speed&quot;:5000,&quot;pause_on_hover&quot;:&quot;yes&quot;,&quot;pause_on_interaction&quot;:&quot;yes&quot;,&quot;infinite&quot;:&quot;yes&quot;,&quot;speed&quot;:500,&quot;offset_sides&quot;:&quot;none&quot;,&quot;arrows&quot;:&quot;yes&quot;,&quot;image_spacing_custom&quot;:{&quot;unit&quot;:&quot;px&quot;,&quot;size&quot;:10,&quot;sizes&quot;:[]},&quot;image_spacing_custom_tablet&quot;:{&quot;unit&quot;:&quot;px&quot;,&quot;size&quot;:&quot;&quot;,&quot;sizes&quot;:[]},&quot;image_spacing_custom_mobile&quot;:{&quot;unit&quot;:&quot;px&quot;,&quot;size&quot;:&quot;&quot;,&quot;sizes&quot;:[]}}\" data-widget_type=\"nested-carousel.default\">\n\t\t\t\t\t\t\t<div class=\"e-n-carousel swiper\" role=\"region\" aria-roledescription=\"carousel\" aria-label=\"Carousel\" dir=\"ltr\">\n\t\t\t<div class=\"swiper-wrapper\" aria-live=\"off\">\n\t\t\t\t\t\t\t\t\t\t<div class=\"swiper-slide\" data-slide=\"1\" role=\"group\" aria-roledescription=\"slide\" aria-label=\"1 of 1\">\n\t\t\t\t\t\t\t<div class=\"elementor-element elementor-element-8e29d79 e-con-full e-flex e-con e-child\" data-id=\"8e29d79\" data-element_type=\"container\" data-e-type=\"container\" data-settings=\"{&quot;background_background&quot;:&quot;classic&quot;,&quot;background_motion_fx_motion_fx_scrolling&quot;:&quot;yes&quot;,&quot;background_motion_fx_blur_effect&quot;:&quot;yes&quot;,&quot;background_motion_fx_blur_level&quot;:{&quot;unit&quot;:&quot;px&quot;,&quot;size&quot;:3,&quot;sizes&quot;:[]},&quot;background_motion_fx_blur_range&quot;:{&quot;unit&quot;:&quot;%&quot;,&quot;size&quot;:&quot;&quot;,&quot;sizes&quot;:{&quot;start&quot;:100,&quot;end&quot;:100}},&quot;background_motion_fx_blur_direction&quot;:&quot;out-in&quot;,&quot;background_motion_fx_devices&quot;:[&quot;desktop&quot;,&quot;tablet&quot;,&quot;mobile&quot;]}\">\n\t\t<div class=\"elementor-element elementor-element-6f259d2 e-con-full e-flex e-con e-child\" data-id=\"6f259d2\" data-element_type=\"container\" data-e-type=\"container\" data-settings=\"{&quot;background_background&quot;:&quot;classic&quot;}\">\n\t\t<div class=\"elementor-element elementor-element-4cd3c75 e-con-full e-flex e-con e-child\" data-id=\"4cd3c75\" data-element_type=\"container\" data-e-type=\"container\" data-settings=\"{&quot;position&quot;:&quot;absolute&quot;}\">\n\t\t\t\t<div class=\"elementor-element elementor-element-321cec2 elementor-widget__width-initial elementor-hidden-mobile elementor-widget elementor-widget-text-editor\" data-id=\"321cec2\" data-element_type=\"widget\" data-e-type=\"widget\" data-widget_type=\"text-editor.default\">\n\t\t\t\t\t\t\t\t\t<p>Arquitetura, reabilita\u00e7\u00e3o e planeamento desenvolvidos com vis\u00e3o, rigor e aten\u00e7\u00e3o ao detalhe.<\/p>\t\t\t\t\t\t\t\t<\/div>\n\t\t\t\t<div class=\"elementor-element elementor-element-124d433 elementor-widget__width-initial elementor-widget elementor-widget-text-editor\" data-id=\"124d433\" data-element_type=\"widget\" data-e-type=\"widget\" data-widget_type=\"text-editor.default\">\n\t\t\t\t\t\t\t\t\t<p>1 \/ 1<\/p>\t\t\t\t\t\t\t\t<\/div>\n\t\t\t\t<\/div>\n\t\t\t\t<div class=\"elementor-element elementor-element-f31de8b elementor-widget elementor-widget-heading\" data-id=\"f31de8b\" data-element_type=\"widget\" data-e-type=\"widget\" data-widget_type=\"heading.default\">\n\t\t\t\t\t<h2 class=\"elementor-heading-title elementor-size-default\">Servi\u00e7os<\/h2>\t\t\t\t<\/div>\n\t\t\t\t<div class=\"elementor-element elementor-element-796cb73 elementor-widget elementor-widget-text-editor\" data-id=\"796cb73\" data-element_type=\"widget\" data-e-type=\"widget\" data-widget_type=\"text-editor.default\">\n\t\t\t\t\t\t\t\t\t<p>Oferecemos solu\u00e7\u00f5es completas nas \u00e1reas da arquitetura, engenharia e planeamento, acompanhando cada projeto desde a ideia inicial at\u00e9 \u00e0 concretiza\u00e7\u00e3o da obra.<\/p>\t\t\t\t\t\t\t\t<\/div>\n\t\t\t\t<\/div>\n\t\t\t\t<\/div>\n\t\t\t\t\t\t\t\t<\/div>\n\t\t\t\t\t\t\t\t<\/div>\n\t\t<\/div>\n\t\t\t\t\t\t<\/div>\n\t\t\t\t<\/div>\n\t\t<div class=\"elementor-element elementor-element-e525a62 e-con-full e-flex e-con e-parent\" data-id=\"e525a62\" data-element_type=\"container\" data-e-type=\"container\" id=\"arquitetura\" data-settings=\"{&quot;background_background&quot;:&quot;classic&quot;}\">\n\t\t<div class=\"elementor-element elementor-element-8ddf47e e-con-full e-flex e-con e-child\" data-id=\"8ddf47e\" data-element_type=\"container\" data-e-type=\"container\" data-settings=\"{&quot;background_background&quot;:&quot;classic&quot;,&quot;motion_fx_motion_fx_scrolling&quot;:&quot;yes&quot;,&quot;motion_fx_translateX_effect&quot;:&quot;yes&quot;,&quot;motion_fx_translateX_direction&quot;:&quot;negative&quot;,&quot;motion_fx_translateX_speed&quot;:{&quot;unit&quot;:&quot;px&quot;,&quot;size&quot;:5,&quot;sizes&quot;:[]},&quot;motion_fx_translateX_affectedRange&quot;:{&quot;unit&quot;:&quot;%&quot;,&quot;size&quot;:&quot;&quot;,&quot;sizes&quot;:{&quot;start&quot;:0,&quot;end&quot;:100}},&quot;motion_fx_devices&quot;:[&quot;desktop&quot;,&quot;tablet&quot;,&quot;mobile&quot;]}\">\n\t\t\t\t<div class=\"elementor-element elementor-element-31cf58d elementor-widget elementor-widget-heading\" data-id=\"31cf58d\" data-element_type=\"widget\" data-e-type=\"widget\" data-widget_type=\"heading.default\">\n\t\t\t\t\t<h2 class=\"elementor-heading-title elementor-size-default\">Arquitetura<\/h2>\t\t\t\t<\/div>\n\t\t\t\t<div class=\"elementor-element elementor-element-c2b5a53 elementor-widget elementor-widget-text-editor\" data-id=\"c2b5a53\" data-element_type=\"widget\" data-e-type=\"widget\" data-widget_type=\"text-editor.default\">\n\t\t\t\t\t\t\t\t\t<p><strong data-start=\"873\" data-end=\"907\">Da ideia ao espa\u00e7o constru\u00eddo.<\/strong><\/p><p>Projetos residenciais, tur\u00edsticos, comerciais e p\u00fablicos \u2014 desenhados com autenticidade e respeito pela paisagem a\u00e7oriana.<\/p><p>A PicoSolutions desenvolve todo o processo: estudo pr\u00e9vio, licenciamento e execu\u00e7\u00e3o, com solu\u00e7\u00f5es \u00e0 medida das necessidades de cada cliente.<\/p>\t\t\t\t\t\t\t\t<\/div>\n\t\t\t\t<\/div>\n\t\t<div class=\"elementor-element elementor-element-60a4f01 e-con-full e-flex e-con e-child\" data-id=\"60a4f01\" data-element_type=\"container\" data-e-type=\"container\">\n\t\t\t\t<div class=\"elementor-element elementor-element-b6b7fba elementor-hidden-desktop elementor-hidden-tablet elementor-widget elementor-widget-image\" data-id=\"b6b7fba\" data-element_type=\"widget\" data-e-type=\"widget\" data-widget_type=\"image.default\">\n\t\t\t\t\t\t\t\t\t\t\t\t\t\t\t<img fetchpriority=\"high\" decoding=\"async\" width=\"722\" height=\"1024\" src=\"https:\/\/picosolutions.pt\/wp-content\/uploads\/2026\/03\/714-722x1024.jpg\" class=\"attachment-large size-large wp-image-696\" alt=\"\" srcset=\"https:\/\/picosolutions.pt\/wp-content\/uploads\/2026\/03\/714-722x1024.jpg 722w, https:\/\/picosolutions.pt\/wp-content\/uploads\/2026\/03\/714-211x300.jpg 211w, https:\/\/picosolutions.pt\/wp-content\/uploads\/2026\/03\/714-768x1090.jpg 768w, https:\/\/picosolutions.pt\/wp-content\/uploads\/2026\/03\/714-8x12.jpg 8w, https:\/\/picosolutions.pt\/wp-content\/uploads\/2026\/03\/714.jpg 1057w\" sizes=\"(max-width: 722px) 100vw, 722px\" \/>\t\t\t\t\t\t\t\t\t\t\t\t\t\t\t<\/div>\n\t\t\t\t<\/div>\n\t\t\t\t<\/div>\n\t\t<div class=\"elementor-element elementor-element-c438c94 e-con-full e-flex e-con e-parent\" data-id=\"c438c94\" data-element_type=\"container\" data-e-type=\"container\" id=\"reabilitacao\" data-settings=\"{&quot;background_background&quot;:&quot;classic&quot;}\">\n\t\t<div class=\"elementor-element elementor-element-b67b627 e-con-full e-flex e-con e-child\" data-id=\"b67b627\" data-element_type=\"container\" data-e-type=\"container\">\n\t\t\t\t<div class=\"elementor-element elementor-element-68566f6 elementor-hidden-desktop elementor-hidden-tablet elementor-widget elementor-widget-image\" data-id=\"68566f6\" data-element_type=\"widget\" data-e-type=\"widget\" data-widget_type=\"image.default\">\n\t\t\t\t\t\t\t\t\t\t\t\t\t\t\t<img decoding=\"async\" width=\"800\" height=\"534\" src=\"https:\/\/picosolutions.pt\/wp-content\/uploads\/2026\/03\/2147694605-1024x683.jpg\" class=\"attachment-large size-large wp-image-698\" alt=\"\" srcset=\"https:\/\/picosolutions.pt\/wp-content\/uploads\/2026\/03\/2147694605-1024x683.jpg 1024w, https:\/\/picosolutions.pt\/wp-content\/uploads\/2026\/03\/2147694605-300x200.jpg 300w, https:\/\/picosolutions.pt\/wp-content\/uploads\/2026\/03\/2147694605-768x513.jpg 768w, https:\/\/picosolutions.pt\/wp-content\/uploads\/2026\/03\/2147694605-18x12.jpg 18w, https:\/\/picosolutions.pt\/wp-content\/uploads\/2026\/03\/2147694605.jpg 1500w\" sizes=\"(max-width: 800px) 100vw, 800px\" \/>\t\t\t\t\t\t\t\t\t\t\t\t\t\t\t<\/div>\n\t\t\t\t<\/div>\n\t\t<div class=\"elementor-element elementor-element-4ca94c2 e-con-full e-flex e-con e-child\" data-id=\"4ca94c2\" data-element_type=\"container\" data-e-type=\"container\" data-settings=\"{&quot;background_background&quot;:&quot;classic&quot;,&quot;motion_fx_motion_fx_scrolling&quot;:&quot;yes&quot;,&quot;motion_fx_translateX_effect&quot;:&quot;yes&quot;,&quot;motion_fx_translateX_speed&quot;:{&quot;unit&quot;:&quot;px&quot;,&quot;size&quot;:5,&quot;sizes&quot;:[]},&quot;motion_fx_translateX_affectedRange&quot;:{&quot;unit&quot;:&quot;%&quot;,&quot;size&quot;:&quot;&quot;,&quot;sizes&quot;:{&quot;start&quot;:0,&quot;end&quot;:100}},&quot;motion_fx_devices&quot;:[&quot;desktop&quot;,&quot;tablet&quot;,&quot;mobile&quot;]}\">\n\t\t\t\t<div class=\"elementor-element elementor-element-aec1664 elementor-widget elementor-widget-heading\" data-id=\"aec1664\" data-element_type=\"widget\" data-e-type=\"widget\" data-widget_type=\"heading.default\">\n\t\t\t\t\t<h2 class=\"elementor-heading-title elementor-size-default\">Reabilita\u00e7\u00e3o e Patrim\u00f3nio<\/h2>\t\t\t\t<\/div>\n\t\t\t\t<div class=\"elementor-element elementor-element-27a71f8 elementor-widget elementor-widget-text-editor\" data-id=\"27a71f8\" data-element_type=\"widget\" data-e-type=\"widget\" data-widget_type=\"text-editor.default\">\n\t\t\t\t\t\t\t\t\t<p><strong data-start=\"1219\" data-end=\"1246\">Reviver com identidade.<\/strong><\/p><p>Interven\u00e7\u00f5es em edif\u00edcios existentes e patrim\u00f3nio hist\u00f3rico, preservando a mem\u00f3ria e adaptando-a a novos usos.<\/p><p>Valorizamos a tra\u00e7a original e incorporamos t\u00e9cnicas contempor\u00e2neas, respeitando o ADN arquitet\u00f3nico das ilhas.<\/p>\t\t\t\t\t\t\t\t<\/div>\n\t\t\t\t<\/div>\n\t\t\t\t<\/div>\n\t\t<div class=\"elementor-element elementor-element-40ab369 e-con-full e-flex e-con e-parent\" data-id=\"40ab369\" data-element_type=\"container\" data-e-type=\"container\" id=\"planeamento\" data-settings=\"{&quot;background_background&quot;:&quot;classic&quot;}\">\n\t\t<div class=\"elementor-element elementor-element-1b96f90 e-con-full e-flex e-con e-child\" data-id=\"1b96f90\" data-element_type=\"container\" data-e-type=\"container\" data-settings=\"{&quot;background_background&quot;:&quot;classic&quot;,&quot;motion_fx_motion_fx_scrolling&quot;:&quot;yes&quot;,&quot;motion_fx_translateX_effect&quot;:&quot;yes&quot;,&quot;motion_fx_translateX_direction&quot;:&quot;negative&quot;,&quot;motion_fx_translateX_speed&quot;:{&quot;unit&quot;:&quot;px&quot;,&quot;size&quot;:5,&quot;sizes&quot;:[]},&quot;motion_fx_translateX_affectedRange&quot;:{&quot;unit&quot;:&quot;%&quot;,&quot;size&quot;:&quot;&quot;,&quot;sizes&quot;:{&quot;start&quot;:0,&quot;end&quot;:100}},&quot;motion_fx_devices&quot;:[&quot;desktop&quot;,&quot;tablet&quot;,&quot;mobile&quot;]}\">\n\t\t\t\t<div class=\"elementor-element elementor-element-a630abf elementor-widget elementor-widget-heading\" data-id=\"a630abf\" data-element_type=\"widget\" data-e-type=\"widget\" data-widget_type=\"heading.default\">\n\t\t\t\t\t<h2 class=\"elementor-heading-title elementor-size-default\">Planeamento e Urbanismo<\/h2>\t\t\t\t<\/div>\n\t\t\t\t<div class=\"elementor-element elementor-element-d10e7ad elementor-widget elementor-widget-text-editor\" data-id=\"d10e7ad\" data-element_type=\"widget\" data-e-type=\"widget\" data-widget_type=\"text-editor.default\">\n\t\t\t\t\t\t\t\t\t<p><strong data-start=\"1783\" data-end=\"1805\">Vis\u00e3o territorial.<\/strong><\/p><p>Estudos de ordenamento, planeamento urbano e integra\u00e7\u00e3o paisag\u00edstica que promovem o equil\u00edbrio entre desenvolvimento e natureza.<\/p>\t\t\t\t\t\t\t\t<\/div>\n\t\t\t\t<\/div>\n\t\t<div class=\"elementor-element elementor-element-023af8e e-con-full e-flex e-con e-child\" data-id=\"023af8e\" data-element_type=\"container\" data-e-type=\"container\">\n\t\t\t\t<div class=\"elementor-element elementor-element-f084de0 elementor-hidden-desktop elementor-hidden-tablet elementor-widget elementor-widget-image\" data-id=\"f084de0\" data-element_type=\"widget\" data-e-type=\"widget\" data-widget_type=\"image.default\">\n\t\t\t\t\t\t\t\t\t\t\t\t\t\t\t<img decoding=\"async\" width=\"800\" height=\"534\" src=\"https:\/\/picosolutions.pt\/wp-content\/uploads\/2026\/03\/2149124288-1024x683.jpg\" class=\"attachment-large size-large wp-image-701\" alt=\"\" srcset=\"https:\/\/picosolutions.pt\/wp-content\/uploads\/2026\/03\/2149124288-1024x683.jpg 1024w, https:\/\/picosolutions.pt\/wp-content\/uploads\/2026\/03\/2149124288-300x200.jpg 300w, https:\/\/picosolutions.pt\/wp-content\/uploads\/2026\/03\/2149124288-768x512.jpg 768w, https:\/\/picosolutions.pt\/wp-content\/uploads\/2026\/03\/2149124288-18x12.jpg 18w, https:\/\/picosolutions.pt\/wp-content\/uploads\/2026\/03\/2149124288.jpg 1500w\" sizes=\"(max-width: 800px) 100vw, 800px\" \/>\t\t\t\t\t\t\t\t\t\t\t\t\t\t\t<\/div>\n\t\t\t\t<\/div>\n\t\t\t\t<\/div>\n\t\t<div class=\"elementor-element elementor-element-ed611df e-con-full e-flex e-con e-parent\" data-id=\"ed611df\" data-element_type=\"container\" data-e-type=\"container\" id=\"acompanhamento\" data-settings=\"{&quot;background_background&quot;:&quot;classic&quot;}\">\n\t\t<div class=\"elementor-element elementor-element-2624200 e-con-full e-flex e-con e-child\" data-id=\"2624200\" data-element_type=\"container\" data-e-type=\"container\">\n\t\t\t\t<div class=\"elementor-element elementor-element-8a7586e elementor-hidden-desktop elementor-hidden-tablet elementor-widget elementor-widget-image\" data-id=\"8a7586e\" data-element_type=\"widget\" data-e-type=\"widget\" data-widget_type=\"image.default\">\n\t\t\t\t\t\t\t\t\t\t\t\t\t\t\t<img loading=\"lazy\" decoding=\"async\" width=\"800\" height=\"534\" src=\"https:\/\/picosolutions.pt\/wp-content\/uploads\/2026\/03\/2147785036-1024x683.jpg\" class=\"attachment-large size-large wp-image-702\" alt=\"\" srcset=\"https:\/\/picosolutions.pt\/wp-content\/uploads\/2026\/03\/2147785036-1024x683.jpg 1024w, https:\/\/picosolutions.pt\/wp-content\/uploads\/2026\/03\/2147785036-300x200.jpg 300w, https:\/\/picosolutions.pt\/wp-content\/uploads\/2026\/03\/2147785036-768x512.jpg 768w, https:\/\/picosolutions.pt\/wp-content\/uploads\/2026\/03\/2147785036-18x12.jpg 18w, https:\/\/picosolutions.pt\/wp-content\/uploads\/2026\/03\/2147785036.jpg 1500w\" sizes=\"(max-width: 800px) 100vw, 800px\" \/>\t\t\t\t\t\t\t\t\t\t\t\t\t\t\t<\/div>\n\t\t\t\t<\/div>\n\t\t<div class=\"elementor-element elementor-element-7720b77 e-con-full e-flex e-con e-child\" data-id=\"7720b77\" data-element_type=\"container\" data-e-type=\"container\" data-settings=\"{&quot;background_background&quot;:&quot;classic&quot;,&quot;motion_fx_motion_fx_scrolling&quot;:&quot;yes&quot;,&quot;motion_fx_translateX_effect&quot;:&quot;yes&quot;,&quot;motion_fx_translateX_speed&quot;:{&quot;unit&quot;:&quot;px&quot;,&quot;size&quot;:5,&quot;sizes&quot;:[]},&quot;motion_fx_translateX_affectedRange&quot;:{&quot;unit&quot;:&quot;%&quot;,&quot;size&quot;:&quot;&quot;,&quot;sizes&quot;:{&quot;start&quot;:0,&quot;end&quot;:100}},&quot;motion_fx_devices&quot;:[&quot;desktop&quot;,&quot;tablet&quot;,&quot;mobile&quot;]}\">\n\t\t\t\t<div class=\"elementor-element elementor-element-6479866 elementor-widget elementor-widget-heading\" data-id=\"6479866\" data-element_type=\"widget\" data-e-type=\"widget\" data-widget_type=\"heading.default\">\n\t\t\t\t\t<h2 class=\"elementor-heading-title elementor-size-default\">Acompanhamento T\u00e9cnico de Obra<\/h2>\t\t\t\t<\/div>\n\t\t\t\t<div class=\"elementor-element elementor-element-8461772 elementor-widget elementor-widget-text-editor\" data-id=\"8461772\" data-element_type=\"widget\" data-e-type=\"widget\" data-widget_type=\"text-editor.default\">\n\t\t\t\t\t\t\t\t\t<p><strong data-start=\"1985\" data-end=\"2012\">Da conce\u00e7\u00e3o \u00e0 execu\u00e7\u00e3o.<\/strong><\/p><p>Acompanhamos cada fase da constru\u00e7\u00e3o com rigor, garantindo o cumprimento do projeto, dos prazos e dos or\u00e7amentos.<\/p><p>Trabalhamos em estreita articula\u00e7\u00e3o com engenheiros, construtores e entidades p\u00fablicas.<\/p>\t\t\t\t\t\t\t\t<\/div>\n\t\t\t\t<\/div>\n\t\t\t\t<\/div>\n\t\t\t\t<\/div>\n\t\t","protected":false},"excerpt":{"rendered":"<p>Arquitetura, reabilita\u00e7\u00e3o e planeamento desenvolvidos com vis\u00e3o, rigor e aten\u00e7\u00e3o ao detalhe. 1 \/ 1 Servi\u00e7os Oferecemos solu\u00e7\u00f5es completas nas \u00e1reas da arquitetura, engenharia e planeamento, acompanhando cada projeto desde a ideia inicial at\u00e9 \u00e0 concretiza\u00e7\u00e3o da obra. Arquitetura, reabilita\u00e7\u00e3o e planeamento desenvolvidos com vis\u00e3o, rigor e aten\u00e7\u00e3o ao detalhe. 1 \/ 1 Servi\u00e7os Oferecemos [&hellip;]<\/p>\n","protected":false},"author":1,"featured_media":418,"parent":0,"menu_order":0,"comment_status":"closed","ping_status":"closed","template":"","meta":{"footnotes":""},"class_list":["post-18","page","type-page","status-publish","has-post-thumbnail","hentry"],"acf":[],"yoast_head":"<!-- This site is optimized with the Yoast SEO Premium plugin v21.3 (Yoast SEO v21.3) - https:\/\/yoast.com\/wordpress\/plugins\/seo\/ -->\n<title>Servi\u00e7os - Pico Solutions<\/title>\n<meta name=\"description\" content=\"A Pico Solutions oferece servi\u00e7os de arquitetura, reabilita\u00e7\u00e3o de patrim\u00f3nio, planeamento urbano e acompanhamento t\u00e9cnico de obra nos A\u00e7ores, Ilha do Pico.\" \/>\n<meta name=\"robots\" content=\"index, follow, max-snippet:-1, max-image-preview:large, max-video-preview:-1\" \/>\n<link rel=\"canonical\" href=\"https:\/\/picosolutions.pt\/en\/servicos\/\" \/>\n<meta property=\"og:locale\" content=\"en_GB\" \/>\n<meta property=\"og:type\" content=\"article\" \/>\n<meta property=\"og:title\" content=\"Servi\u00e7os\" \/>\n<meta property=\"og:description\" content=\"A Pico Solutions oferece servi\u00e7os de arquitetura, reabilita\u00e7\u00e3o de patrim\u00f3nio, planeamento urbano e acompanhamento t\u00e9cnico de obra nos A\u00e7ores, Ilha do Pico.\" \/>\n<meta property=\"og:url\" content=\"https:\/\/picosolutions.pt\/en\/servicos\/\" \/>\n<meta property=\"og:site_name\" content=\"Pico Solutions\" \/>\n<meta property=\"article:modified_time\" content=\"2026-03-29T13:01:44+00:00\" \/>\n<meta property=\"og:image\" content=\"https:\/\/picosolutions.pt\/wp-content\/uploads\/2026\/03\/cropped-Frame-1-4.png\" \/>\n\t<meta property=\"og:image:width\" content=\"512\" \/>\n\t<meta property=\"og:image:height\" content=\"512\" \/>\n\t<meta property=\"og:image:type\" content=\"image\/png\" \/>\n<meta name=\"twitter:card\" content=\"summary_large_image\" \/>\n<script type=\"application\/ld+json\" class=\"yoast-schema-graph\">{\"@context\":\"https:\/\/schema.org\",\"@graph\":[{\"@type\":\"WebPage\",\"@id\":\"https:\/\/picosolutions.pt\/servicos\/\",\"url\":\"https:\/\/picosolutions.pt\/servicos\/\",\"name\":\"Servi\u00e7os - Pico Solutions\",\"isPartOf\":{\"@id\":\"https:\/\/picosolutions.pt\/#website\"},\"datePublished\":\"2025-10-15T10:15:42+00:00\",\"dateModified\":\"2026-03-29T13:01:44+00:00\",\"description\":\"A Pico Solutions oferece servi\u00e7os de arquitetura, reabilita\u00e7\u00e3o de patrim\u00f3nio, planeamento urbano e acompanhamento t\u00e9cnico de obra nos A\u00e7ores, Ilha do Pico.\",\"breadcrumb\":{\"@id\":\"https:\/\/picosolutions.pt\/servicos\/#breadcrumb\"},\"inLanguage\":\"en-GB\",\"potentialAction\":[{\"@type\":\"ReadAction\",\"target\":[\"https:\/\/picosolutions.pt\/servicos\/\"]}]},{\"@type\":\"BreadcrumbList\",\"@id\":\"https:\/\/picosolutions.pt\/servicos\/#breadcrumb\",\"itemListElement\":[{\"@type\":\"ListItem\",\"position\":1,\"name\":\"Home\",\"item\":\"https:\/\/picosolutions.pt\/\"},{\"@type\":\"ListItem\",\"position\":2,\"name\":\"Servi\u00e7os\"}]},{\"@type\":\"WebSite\",\"@id\":\"https:\/\/picosolutions.pt\/#website\",\"url\":\"https:\/\/picosolutions.pt\/\",\"name\":\"Pico Solutions\",\"description\":\"\",\"publisher\":{\"@id\":\"https:\/\/picosolutions.pt\/#organization\"},\"potentialAction\":[{\"@type\":\"SearchAction\",\"target\":{\"@type\":\"EntryPoint\",\"urlTemplate\":\"https:\/\/picosolutions.pt\/?s={search_term_string}\"},\"query-input\":\"required name=search_term_string\"}],\"inLanguage\":\"en-GB\"},{\"@type\":\"Organization\",\"@id\":\"https:\/\/picosolutions.pt\/#organization\",\"name\":\"Pso Pico Solutions, Unipessoal Lda\",\"alternateName\":\"Pico Solutions\",\"url\":\"https:\/\/picosolutions.pt\/\",\"logo\":{\"@type\":\"ImageObject\",\"inLanguage\":\"en-GB\",\"@id\":\"https:\/\/picosolutions.pt\/#\/schema\/logo\/image\/\",\"url\":\"https:\/\/picosolutions.pt\/wp-content\/uploads\/2025\/10\/Group-7.svg\",\"contentUrl\":\"https:\/\/picosolutions.pt\/wp-content\/uploads\/2025\/10\/Group-7.svg\",\"width\":773,\"height\":336,\"caption\":\"Pso Pico Solutions, Unipessoal Lda\"},\"image\":{\"@id\":\"https:\/\/picosolutions.pt\/#\/schema\/logo\/image\/\"}}]}<\/script>\n<!-- \/ Yoast SEO Premium plugin. -->","yoast_head_json":{"title":"Servi\u00e7os - Pico Solutions","description":"A Pico Solutions oferece servi\u00e7os de arquitetura, reabilita\u00e7\u00e3o de patrim\u00f3nio, planeamento urbano e acompanhamento t\u00e9cnico de obra nos A\u00e7ores, Ilha do Pico.","robots":{"index":"index","follow":"follow","max-snippet":"max-snippet:-1","max-image-preview":"max-image-preview:large","max-video-preview":"max-video-preview:-1"},"canonical":"https:\/\/picosolutions.pt\/en\/servicos\/","og_locale":"en_GB","og_type":"article","og_title":"Servi\u00e7os","og_description":"A Pico Solutions oferece servi\u00e7os de arquitetura, reabilita\u00e7\u00e3o de patrim\u00f3nio, planeamento urbano e acompanhamento t\u00e9cnico de obra nos A\u00e7ores, Ilha do Pico.","og_url":"https:\/\/picosolutions.pt\/en\/servicos\/","og_site_name":"Pico Solutions","article_modified_time":"2026-03-29T13:01:44+00:00","og_image":[{"width":512,"height":512,"url":"https:\/\/picosolutions.pt\/wp-content\/uploads\/2026\/03\/cropped-Frame-1-4.png","type":"image\/png"}],"twitter_card":"summary_large_image","schema":{"@context":"https:\/\/schema.org","@graph":[{"@type":"WebPage","@id":"https:\/\/picosolutions.pt\/servicos\/","url":"https:\/\/picosolutions.pt\/servicos\/","name":"Servi\u00e7os - Pico Solutions","isPartOf":{"@id":"https:\/\/picosolutions.pt\/#website"},"datePublished":"2025-10-15T10:15:42+00:00","dateModified":"2026-03-29T13:01:44+00:00","description":"A Pico Solutions oferece servi\u00e7os de arquitetura, reabilita\u00e7\u00e3o de patrim\u00f3nio, planeamento urbano e acompanhamento t\u00e9cnico de obra nos A\u00e7ores, Ilha do Pico.","breadcrumb":{"@id":"https:\/\/picosolutions.pt\/servicos\/#breadcrumb"},"inLanguage":"en-GB","potentialAction":[{"@type":"ReadAction","target":["https:\/\/picosolutions.pt\/servicos\/"]}]},{"@type":"BreadcrumbList","@id":"https:\/\/picosolutions.pt\/servicos\/#breadcrumb","itemListElement":[{"@type":"ListItem","position":1,"name":"Home","item":"https:\/\/picosolutions.pt\/"},{"@type":"ListItem","position":2,"name":"Servi\u00e7os"}]},{"@type":"WebSite","@id":"https:\/\/picosolutions.pt\/#website","url":"https:\/\/picosolutions.pt\/","name":"Pico Solutions","description":"","publisher":{"@id":"https:\/\/picosolutions.pt\/#organization"},"potentialAction":[{"@type":"SearchAction","target":{"@type":"EntryPoint","urlTemplate":"https:\/\/picosolutions.pt\/?s={search_term_string}"},"query-input":"required name=search_term_string"}],"inLanguage":"en-GB"},{"@type":"Organization","@id":"https:\/\/picosolutions.pt\/#organization","name":"Pso Pico Solutions, Unipessoal Lda","alternateName":"Pico Solutions","url":"https:\/\/picosolutions.pt\/","logo":{"@type":"ImageObject","inLanguage":"en-GB","@id":"https:\/\/picosolutions.pt\/#\/schema\/logo\/image\/","url":"https:\/\/picosolutions.pt\/wp-content\/uploads\/2025\/10\/Group-7.svg","contentUrl":"https:\/\/picosolutions.pt\/wp-content\/uploads\/2025\/10\/Group-7.svg","width":773,"height":336,"caption":"Pso Pico Solutions, Unipessoal Lda"},"image":{"@id":"https:\/\/picosolutions.pt\/#\/schema\/logo\/image\/"}}]}},"_links":{"self":[{"href":"https:\/\/picosolutions.pt\/en\/wp-json\/wp\/v2\/pages\/18","targetHints":{"allow":["GET"]}}],"collection":[{"href":"https:\/\/picosolutions.pt\/en\/wp-json\/wp\/v2\/pages"}],"about":[{"href":"https:\/\/picosolutions.pt\/en\/wp-json\/wp\/v2\/types\/page"}],"author":[{"embeddable":true,"href":"https:\/\/picosolutions.pt\/en\/wp-json\/wp\/v2\/users\/1"}],"replies":[{"embeddable":true,"href":"https:\/\/picosolutions.pt\/en\/wp-json\/wp\/v2\/comments?post=18"}],"version-history":[{"count":35,"href":"https:\/\/picosolutions.pt\/en\/wp-json\/wp\/v2\/pages\/18\/revisions"}],"predecessor-version":[{"id":712,"href":"https:\/\/picosolutions.pt\/en\/wp-json\/wp\/v2\/pages\/18\/revisions\/712"}],"wp:featuredmedia":[{"embeddable":true,"href":"https:\/\/picosolutions.pt\/en\/wp-json\/wp\/v2\/media\/418"}],"wp:attachment":[{"href":"https:\/\/picosolutions.pt\/en\/wp-json\/wp\/v2\/media?parent=18"}],"curies":[{"name":"wp","href":"https:\/\/api.w.org\/{rel}","templated":true}]}}